{"id":39,"date":"2022-02-18T19:27:01","date_gmt":"2022-02-18T19:27:01","guid":{"rendered":"https:\/\/klimatbgpn.us.edu.pl\/?page_id=39"},"modified":"2022-02-18T20:01:30","modified_gmt":"2022-02-18T20:01:30","slug":"asm-specyfikacja-techniczna-2","status":"publish","type":"page","link":"https:\/\/klimatbgpn.us.edu.pl\/index.php\/asm-specyfikacja-techniczna-2\/","title":{"rendered":"ASM &#8211; specyfikacja techniczna"},"content":{"rendered":"\n<h2 class=\"wp-block-heading\" id=\"opis-stacji\">Opis stacji<\/h2>\n\n\n\n<ul class=\"wp-block-list\"><li>Typ: Automatyczna stacja meteorologiczna<\/li><li>Liczba stacji: 3 stanowiska<\/li><li>G\u0142\u00f3wny cel pomiar\u00f3w:<ul><li>Pomiary meteorologiczne:<ul><li>Temperatura powietrza,<\/li><li>Wilgotno\u015b\u0107 powietrza,<\/li><li>Pr\u0119dko\u015b\u0107 wiatru,<\/li><li>Kierunek wiatru<\/li><\/ul><\/li><\/ul><\/li><li>Tryb pomiaru: automatyczny; 144 dane pomiarowe jednego elementu na dob\u0119<\/li><li>Specyfikacja stacji:<\/li><\/ul>\n\n\n\n<ul class=\"wp-block-list\"><li>Rejestrator danych pomiarowych Campbell CR310<\/li><li>Obudowa z tworzywa sztucznego<\/li><li>Maszt stalowy o wysoko\u015bci max 2.5m, zajmuj\u0105c\u0105 powierzchni\u0119 ok. 4m\u00b2 z odgromieniem, odci\u0105gi stalowe i mocowania masztu do gruntu, metalowe wysi\u0119gniki, na kt\u00f3rych zamontowane s\u0105 czujniki<\/li><li>Bateria s\u0142oneczna 10W-35W<\/li><li>Akumulatory YUASA 12V w obudowie<\/li><li>Czujnik temperatury i wilgotno\u015bci HygroVUE10 + os\u0142ona antyradiacyjna<\/li><\/ul>\n\n\n\n<p><strong>Zakres pomiarowy:<\/strong><\/p>\n\n\n\n<p>Temperatura: Zakres pomiarowy: -40\u00b0C \u2026 +70\u00b0C; Dok\u0142adno\u015b\u0107: \u00b10.2\u00b0C (-40 \u2026 +70\u00b0C). Wilgotno\u015b\u0107: Zakres pomiarowy: 0 \u2026 100%; Dok\u0142adno\u015b\u0107: \u00b11.5% (25\u00b0C, 0 \u2026 80%), \u00b12% (25\u00b0C, 80 \u2026100%)<\/p>\n\n\n\n<ul class=\"wp-block-list\"><li>Czujnik pr\u0119dko\u015bci i kierunku wiatru Young 05108-45 model alpejski<\/li><\/ul>\n\n\n\n<p><strong>Zakres pomiarowy:<\/strong><\/p>\n\n\n\n<p>Pr\u0119dko\u015b\u0107 wiatru: 0 \u2026 100 m\/s; Dok\u0142adno\u015b\u0107: \u00b1 0.3 m\/s lub 1% odczytu<\/p>\n\n\n\n<p>Kierunek wiatru: 0 \u2026 360\u00b0; Dok\u0142adno\u015b\u0107: \u00b1 3 stopnie<\/p>\n\n\n\n<figure class=\"wp-block-image size-full\"><img loading=\"lazy\" decoding=\"async\" width=\"929\" height=\"371\" src=\"https:\/\/klimatbgpn.us.edu.pl\/wp-content\/uploads\/2022\/02\/zestaw_zdjec1.png\" alt=\"\" class=\"wp-image-54\" srcset=\"https:\/\/klimatbgpn.us.edu.pl\/wp-content\/uploads\/2022\/02\/zestaw_zdjec1.png 929w, https:\/\/klimatbgpn.us.edu.pl\/wp-content\/uploads\/2022\/02\/zestaw_zdjec1-300x120.png 300w, https:\/\/klimatbgpn.us.edu.pl\/wp-content\/uploads\/2022\/02\/zestaw_zdjec1-768x307.png 768w\" sizes=\"auto, (max-width: 929px) 100vw, 929px\" \/><\/figure>\n\n\n\n<figure class=\"wp-block-gallery has-nested-images columns-default is-cropped wp-block-gallery-1 is-layout-flex wp-block-gallery-is-layout-flex\">\n<figure class=\"wp-block-image size-medium\"><img loading=\"lazy\" decoding=\"async\" width=\"200\" height=\"300\" data-id=\"55\" src=\"https:\/\/klimatbgpn.us.edu.pl\/wp-content\/uploads\/2022\/02\/stacja1-200x300.jpg\" alt=\"\" class=\"wp-image-55\" srcset=\"https:\/\/klimatbgpn.us.edu.pl\/wp-content\/uploads\/2022\/02\/stacja1-200x300.jpg 200w, https:\/\/klimatbgpn.us.edu.pl\/wp-content\/uploads\/2022\/02\/stacja1-683x1024.jpg 683w, https:\/\/klimatbgpn.us.edu.pl\/wp-content\/uploads\/2022\/02\/stacja1-768x1152.jpg 768w, https:\/\/klimatbgpn.us.edu.pl\/wp-content\/uploads\/2022\/02\/stacja1-1024x1536.jpg 1024w, https:\/\/klimatbgpn.us.edu.pl\/wp-content\/uploads\/2022\/02\/stacja1-rotated.jpg 1182w\" sizes=\"auto, (max-width: 200px) 100vw, 200px\" \/><\/figure>\n\n\n\n<figure class=\"wp-block-image size-medium\"><img loading=\"lazy\" decoding=\"async\" width=\"200\" height=\"300\" data-id=\"56\" src=\"https:\/\/klimatbgpn.us.edu.pl\/wp-content\/uploads\/2022\/02\/stacja2-200x300.jpg\" alt=\"\" class=\"wp-image-56\" srcset=\"https:\/\/klimatbgpn.us.edu.pl\/wp-content\/uploads\/2022\/02\/stacja2-200x300.jpg 200w, https:\/\/klimatbgpn.us.edu.pl\/wp-content\/uploads\/2022\/02\/stacja2-683x1024.jpg 683w, https:\/\/klimatbgpn.us.edu.pl\/wp-content\/uploads\/2022\/02\/stacja2-768x1152.jpg 768w, https:\/\/klimatbgpn.us.edu.pl\/wp-content\/uploads\/2022\/02\/stacja2-1024x1536.jpg 1024w, https:\/\/klimatbgpn.us.edu.pl\/wp-content\/uploads\/2022\/02\/stacja2-rotated.jpg 1182w\" sizes=\"auto, (max-width: 200px) 100vw, 200px\" \/><\/figure>\n\n\n\n<figure class=\"wp-block-image size-medium\"><img loading=\"lazy\" decoding=\"async\" width=\"200\" height=\"300\" data-id=\"57\" src=\"https:\/\/klimatbgpn.us.edu.pl\/wp-content\/uploads\/2022\/02\/stacja3-200x300.jpg\" alt=\"\" class=\"wp-image-57\" srcset=\"https:\/\/klimatbgpn.us.edu.pl\/wp-content\/uploads\/2022\/02\/stacja3-200x300.jpg 200w, https:\/\/klimatbgpn.us.edu.pl\/wp-content\/uploads\/2022\/02\/stacja3-683x1024.jpg 683w, https:\/\/klimatbgpn.us.edu.pl\/wp-content\/uploads\/2022\/02\/stacja3-768x1152.jpg 768w, https:\/\/klimatbgpn.us.edu.pl\/wp-content\/uploads\/2022\/02\/stacja3-1024x1536.jpg 1024w, https:\/\/klimatbgpn.us.edu.pl\/wp-content\/uploads\/2022\/02\/stacja3-rotated.jpg 1182w\" sizes=\"auto, (max-width: 200px) 100vw, 200px\" \/><\/figure>\n<\/figure>\n","protected":false},"excerpt":{"rendered":"<p>Opis stacji Typ: Automatyczna stacja meteorologiczna Liczba stacji: 3 stanowiska G\u0142\u00f3wny cel pomiar\u00f3w: Pomiary meteorologiczne: Temperatura powietrza, Wilgotno\u015b\u0107 powietrza, Pr\u0119dko\u015b\u0107<\/p>\n","protected":false},"author":1,"featured_media":0,"parent":0,"menu_order":0,"comment_status":"closed","ping_status":"closed","template":"","meta":{"footnotes":""},"class_list":["post-39","page","type-page","status-publish","hentry"],"yoast_head":"<!-- This site is optimized with the Yoast SEO plugin v18.1 - https:\/\/yoast.com\/wordpress\/plugins\/seo\/ -->\n<title>ASM - specyfikacja techniczna - Klimat Babiej G\u00f3ry<\/title>\n<meta name=\"robots\" content=\"index, follow, max-snippet:-1, max-image-preview:large, max-video-preview:-1\" \/>\n<link rel=\"canonical\" href=\"https:\/\/klimatbgpn.us.edu.pl\/index.php\/asm-specyfikacja-techniczna-2\/\" \/>\n<meta property=\"og:locale\" content=\"pl_PL\" \/>\n<meta property=\"og:type\" content=\"article\" \/>\n<meta property=\"og:title\" content=\"ASM - specyfikacja techniczna - Klimat Babiej G\u00f3ry\" \/>\n<meta property=\"og:description\" content=\"Opis stacji Typ: Automatyczna stacja meteorologiczna Liczba stacji: 3 stanowiska G\u0142\u00f3wny cel pomiar\u00f3w: Pomiary meteorologiczne: Temperatura powietrza, Wilgotno\u015b\u0107 powietrza, Pr\u0119dko\u015b\u0107\" \/>\n<meta property=\"og:url\" content=\"https:\/\/klimatbgpn.us.edu.pl\/index.php\/asm-specyfikacja-techniczna-2\/\" \/>\n<meta property=\"og:site_name\" content=\"Klimat Babiej G\u00f3ry\" \/>\n<meta property=\"article:modified_time\" content=\"2022-02-18T20:01:30+00:00\" \/>\n<meta property=\"og:image\" content=\"https:\/\/klimatbgpn.us.edu.pl\/wp-content\/uploads\/2022\/02\/zestaw_zdjec1.png\" \/>\n<meta name=\"twitter:card\" content=\"summary_large_image\" \/>\n<meta name=\"twitter:label1\" content=\"Szacowany czas czytania\" \/>\n\t<meta name=\"twitter:data1\" content=\"2 minuty\" \/>\n<script type=\"application\/ld+json\" class=\"yoast-schema-graph\">{\"@context\":\"https:\/\/schema.org\",\"@graph\":[{\"@type\":\"WebSite\",\"@id\":\"https:\/\/klimatbgpn.us.edu.pl\/#website\",\"url\":\"https:\/\/klimatbgpn.us.edu.pl\/\",\"name\":\"Klimat Babiej G\u00f3ry\",\"description\":\"Instytut Nauk o Ziemi Uniwersytetu \u015al\u0105skiego i Babiog\u00f3rski Park Narodowy\",\"potentialAction\":[{\"@type\":\"SearchAction\",\"target\":{\"@type\":\"EntryPoint\",\"urlTemplate\":\"https:\/\/klimatbgpn.us.edu.pl\/?s={search_term_string}\"},\"query-input\":\"required name=search_term_string\"}],\"inLanguage\":\"pl-PL\"},{\"@type\":\"ImageObject\",\"@id\":\"https:\/\/klimatbgpn.us.edu.pl\/index.php\/asm-specyfikacja-techniczna-2\/#primaryimage\",\"inLanguage\":\"pl-PL\",\"url\":\"https:\/\/klimatbgpn.us.edu.pl\/wp-content\/uploads\/2022\/02\/zestaw_zdjec1.png\",\"contentUrl\":\"https:\/\/klimatbgpn.us.edu.pl\/wp-content\/uploads\/2022\/02\/zestaw_zdjec1.png\",\"width\":929,\"height\":371},{\"@type\":\"WebPage\",\"@id\":\"https:\/\/klimatbgpn.us.edu.pl\/index.php\/asm-specyfikacja-techniczna-2\/#webpage\",\"url\":\"https:\/\/klimatbgpn.us.edu.pl\/index.php\/asm-specyfikacja-techniczna-2\/\",\"name\":\"ASM - specyfikacja techniczna - Klimat Babiej G\u00f3ry\",\"isPartOf\":{\"@id\":\"https:\/\/klimatbgpn.us.edu.pl\/#website\"},\"primaryImageOfPage\":{\"@id\":\"https:\/\/klimatbgpn.us.edu.pl\/index.php\/asm-specyfikacja-techniczna-2\/#primaryimage\"},\"datePublished\":\"2022-02-18T19:27:01+00:00\",\"dateModified\":\"2022-02-18T20:01:30+00:00\",\"breadcrumb\":{\"@id\":\"https:\/\/klimatbgpn.us.edu.pl\/index.php\/asm-specyfikacja-techniczna-2\/#breadcrumb\"},\"inLanguage\":\"pl-PL\",\"potentialAction\":[{\"@type\":\"ReadAction\",\"target\":[\"https:\/\/klimatbgpn.us.edu.pl\/index.php\/asm-specyfikacja-techniczna-2\/\"]}]},{\"@type\":\"BreadcrumbList\",\"@id\":\"https:\/\/klimatbgpn.us.edu.pl\/index.php\/asm-specyfikacja-techniczna-2\/#breadcrumb\",\"itemListElement\":[{\"@type\":\"ListItem\",\"position\":1,\"name\":\"Strona g\u0142\u00f3wna\",\"item\":\"https:\/\/klimatbgpn.us.edu.pl\/\"},{\"@type\":\"ListItem\",\"position\":2,\"name\":\"ASM &#8211; specyfikacja techniczna\"}]}]}<\/script>\n<!-- \/ Yoast SEO plugin. -->","yoast_head_json":{"title":"ASM - specyfikacja techniczna - Klimat Babiej G\u00f3ry","robots":{"index":"index","follow":"follow","max-snippet":"max-snippet:-1","max-image-preview":"max-image-preview:large","max-video-preview":"max-video-preview:-1"},"canonical":"https:\/\/klimatbgpn.us.edu.pl\/index.php\/asm-specyfikacja-techniczna-2\/","og_locale":"pl_PL","og_type":"article","og_title":"ASM - specyfikacja techniczna - Klimat Babiej G\u00f3ry","og_description":"Opis stacji Typ: Automatyczna stacja meteorologiczna Liczba stacji: 3 stanowiska G\u0142\u00f3wny cel pomiar\u00f3w: Pomiary meteorologiczne: Temperatura powietrza, Wilgotno\u015b\u0107 powietrza, Pr\u0119dko\u015b\u0107","og_url":"https:\/\/klimatbgpn.us.edu.pl\/index.php\/asm-specyfikacja-techniczna-2\/","og_site_name":"Klimat Babiej G\u00f3ry","article_modified_time":"2022-02-18T20:01:30+00:00","og_image":[{"url":"https:\/\/klimatbgpn.us.edu.pl\/wp-content\/uploads\/2022\/02\/zestaw_zdjec1.png"}],"twitter_card":"summary_large_image","twitter_misc":{"Szacowany czas czytania":"2 minuty"},"schema":{"@context":"https:\/\/schema.org","@graph":[{"@type":"WebSite","@id":"https:\/\/klimatbgpn.us.edu.pl\/#website","url":"https:\/\/klimatbgpn.us.edu.pl\/","name":"Klimat Babiej G\u00f3ry","description":"Instytut Nauk o Ziemi Uniwersytetu \u015al\u0105skiego i Babiog\u00f3rski Park Narodowy","potentialAction":[{"@type":"SearchAction","target":{"@type":"EntryPoint","urlTemplate":"https:\/\/klimatbgpn.us.edu.pl\/?s={search_term_string}"},"query-input":"required name=search_term_string"}],"inLanguage":"pl-PL"},{"@type":"ImageObject","@id":"https:\/\/klimatbgpn.us.edu.pl\/index.php\/asm-specyfikacja-techniczna-2\/#primaryimage","inLanguage":"pl-PL","url":"https:\/\/klimatbgpn.us.edu.pl\/wp-content\/uploads\/2022\/02\/zestaw_zdjec1.png","contentUrl":"https:\/\/klimatbgpn.us.edu.pl\/wp-content\/uploads\/2022\/02\/zestaw_zdjec1.png","width":929,"height":371},{"@type":"WebPage","@id":"https:\/\/klimatbgpn.us.edu.pl\/index.php\/asm-specyfikacja-techniczna-2\/#webpage","url":"https:\/\/klimatbgpn.us.edu.pl\/index.php\/asm-specyfikacja-techniczna-2\/","name":"ASM - specyfikacja techniczna - Klimat Babiej G\u00f3ry","isPartOf":{"@id":"https:\/\/klimatbgpn.us.edu.pl\/#website"},"primaryImageOfPage":{"@id":"https:\/\/klimatbgpn.us.edu.pl\/index.php\/asm-specyfikacja-techniczna-2\/#primaryimage"},"datePublished":"2022-02-18T19:27:01+00:00","dateModified":"2022-02-18T20:01:30+00:00","breadcrumb":{"@id":"https:\/\/klimatbgpn.us.edu.pl\/index.php\/asm-specyfikacja-techniczna-2\/#breadcrumb"},"inLanguage":"pl-PL","potentialAction":[{"@type":"ReadAction","target":["https:\/\/klimatbgpn.us.edu.pl\/index.php\/asm-specyfikacja-techniczna-2\/"]}]},{"@type":"BreadcrumbList","@id":"https:\/\/klimatbgpn.us.edu.pl\/index.php\/asm-specyfikacja-techniczna-2\/#breadcrumb","itemListElement":[{"@type":"ListItem","position":1,"name":"Strona g\u0142\u00f3wna","item":"https:\/\/klimatbgpn.us.edu.pl\/"},{"@type":"ListItem","position":2,"name":"ASM &#8211; specyfikacja techniczna"}]}]}},"_links":{"self":[{"href":"https:\/\/klimatbgpn.us.edu.pl\/index.php\/wp-json\/wp\/v2\/pages\/39","targetHints":{"allow":["GET"]}}],"collection":[{"href":"https:\/\/klimatbgpn.us.edu.pl\/index.php\/wp-json\/wp\/v2\/pages"}],"about":[{"href":"https:\/\/klimatbgpn.us.edu.pl\/index.php\/wp-json\/wp\/v2\/types\/page"}],"author":[{"embeddable":true,"href":"https:\/\/klimatbgpn.us.edu.pl\/index.php\/wp-json\/wp\/v2\/users\/1"}],"replies":[{"embeddable":true,"href":"https:\/\/klimatbgpn.us.edu.pl\/index.php\/wp-json\/wp\/v2\/comments?post=39"}],"version-history":[{"count":4,"href":"https:\/\/klimatbgpn.us.edu.pl\/index.php\/wp-json\/wp\/v2\/pages\/39\/revisions"}],"predecessor-version":[{"id":58,"href":"https:\/\/klimatbgpn.us.edu.pl\/index.php\/wp-json\/wp\/v2\/pages\/39\/revisions\/58"}],"wp:attachment":[{"href":"https:\/\/klimatbgpn.us.edu.pl\/index.php\/wp-json\/wp\/v2\/media?parent=39"}],"curies":[{"name":"wp","href":"https:\/\/api.w.org\/{rel}","templated":true}]}}